{"id":4551,"date":"2025-03-10T12:20:21","date_gmt":"2025-03-10T15:20:21","guid":{"rendered":"https:\/\/fipan.com.br\/?page_id=4551"},"modified":"2026-03-26T15:45:21","modified_gmt":"2026-03-26T18:45:21","slug":"credenciamento","status":"publish","type":"page","link":"https:\/\/fipan.com.br\/en\/credenciamento\/","title":{"rendered":"ACCREDITATION"},"content":{"rendered":"<div data-elementor-type=\"wp-page\" data-elementor-id=\"4551\" class=\"elementor elementor-4551\">\n\t\t\t\t\t\t<section class=\"elementor-section elementor-top-section elementor-element elementor-element-1635963 elementor-section-full_width elementor-section-height-min-height elementor-section-content-middle elementor-section-height-default elementor-section-items-middle\" data-id=\"1635963\" data-element_type=\"section\" data-settings=\"{&quot;background_background&quot;:&quot;classic&quot;}\">\n\t\t\t\t\t\t<div class=\"elementor-container elementor-column-gap-extended\">\n\t\t\t\t\t<div class=\"elementor-column elementor-col-100 elementor-top-column elementor-element elementor-element-ddf4b38\" data-id=\"ddf4b38\" data-element_type=\"column\">\n\t\t\t<div class=\"elementor-widget-wrap\">\n\t\t\t\t\t\t\t<\/div>\n\t\t<\/div>\n\t\t\t\t\t<\/div>\n\t\t<\/section>\n\t\t\t\t<section class=\"elementor-section elementor-top-section elementor-element elementor-element-0cb4f88 elementor-section-boxed elementor-section-height-default elementor-section-height-default\" data-id=\"0cb4f88\" data-element_type=\"section\">\n\t\t\t\t\t\t<div class=\"elementor-container elementor-column-gap-default\">\n\t\t\t\t\t<div class=\"elementor-column elementor-col-100 elementor-top-column elementor-element elementor-element-e4d3337\" data-id=\"e4d3337\" data-element_type=\"column\">\n\t\t\t<div class=\"elementor-widget-wrap elementor-element-populated\">\n\t\t\t\t\t\t<div class=\"elementor-element elementor-element-4e12ae1 elementor-widget elementor-widget-image\" data-id=\"4e12ae1\" data-element_type=\"widget\" data-widget_type=\"image.default\">\n\t\t\t\t<div class=\"elementor-widget-container\">\n\t\t\t\t\t\t\t\t\t\t\t\t\t\t\t\t<a href=\"https:\/\/www.sicredi.com.br\/home\/para-empresa\/\" target=\"_blank\">\n\t\t\t\t\t\t\t<img decoding=\"async\" src=\"https:\/\/fipan.com.br\/wp-content\/uploads\/2025\/07\/sicredi-fipan-banner-02.png\" title=\"\" alt=\"\" loading=\"lazy\" \/>\t\t\t\t\t\t\t\t<\/a>\n\t\t\t\t\t\t\t\t\t\t\t\t\t\t\t<\/div>\n\t\t\t\t<\/div>\n\t\t\t\t\t<\/div>\n\t\t<\/div>\n\t\t\t\t\t<\/div>\n\t\t<\/section>\n\t\t\t\t<section class=\"elementor-section elementor-top-section elementor-element elementor-element-d747bbb elementor-section-boxed elementor-section-height-default elementor-section-height-default\" data-id=\"d747bbb\" data-element_type=\"section\">\n\t\t\t\t\t\t<div class=\"elementor-container elementor-column-gap-default\">\n\t\t\t\t\t<div class=\"elementor-column elementor-col-100 elementor-top-column elementor-element elementor-element-d8cfb3a\" data-id=\"d8cfb3a\" data-element_type=\"column\">\n\t\t\t<div class=\"elementor-widget-wrap elementor-element-populated\">\n\t\t\t\t\t\t<div class=\"elementor-element elementor-element-16c0fd4 elementor-widget elementor-widget-heading\" data-id=\"16c0fd4\" data-element_type=\"widget\" data-widget_type=\"heading.default\">\n\t\t\t\t<div class=\"elementor-widget-container\">\n\t\t\t\t\t<h2 class=\"elementor-heading-title elementor-size-default\">WELCOME TO FIPAN 2026<\/h2>\t\t\t\t<\/div>\n\t\t\t\t<\/div>\n\t\t\t\t\t<\/div>\n\t\t<\/div>\n\t\t\t\t\t<\/div>\n\t\t<\/section>\n\t\t\t\t<section class=\"elementor-section elementor-top-section elementor-element elementor-element-bfe8463 elementor-section-boxed elementor-section-height-default elementor-section-height-default\" data-id=\"bfe8463\" data-element_type=\"section\">\n\t\t\t\t\t\t<div class=\"elementor-container elementor-column-gap-default\">\n\t\t\t\t\t<div class=\"elementor-column elementor-col-100 elementor-top-column elementor-element elementor-element-dcb798a\" data-id=\"dcb798a\" data-element_type=\"column\">\n\t\t\t<div class=\"elementor-widget-wrap elementor-element-populated\">\n\t\t\t\t\t\t<div class=\"elementor-element elementor-element-25efa5c elementor-widget elementor-widget-text-editor\" data-id=\"25efa5c\" data-element_type=\"widget\" data-widget_type=\"text-editor.default\">\n\t\t\t\t<div class=\"elementor-widget-container\">\n\t\t\t\t\t\t\t\t\t<p style=\"text-align: left;\"><strong>Before starting your accreditation for this event, carefully read the\u00a0<\/strong><strong>informations below:<\/strong><\/p>\t\t\t\t\t\t\t\t<\/div>\n\t\t\t\t<\/div>\n\t\t\t\t\t<\/div>\n\t\t<\/div>\n\t\t\t\t\t<\/div>\n\t\t<\/section>\n\t\t\t\t<section class=\"elementor-section elementor-top-section elementor-element elementor-element-c40b0b6 elementor-section-boxed elementor-section-height-default elementor-section-height-default\" data-id=\"c40b0b6\" data-element_type=\"section\">\n\t\t\t\t\t\t<div class=\"elementor-container elementor-column-gap-default\">\n\t\t\t\t\t<div class=\"elementor-column elementor-col-100 elementor-top-column elementor-element elementor-element-c783a60\" data-id=\"c783a60\" data-element_type=\"column\">\n\t\t\t<div class=\"elementor-widget-wrap elementor-element-populated\">\n\t\t\t\t\t\t<div class=\"elementor-element elementor-element-d48a654 elementor-widget elementor-widget-text-editor\" data-id=\"d48a654\" data-element_type=\"widget\" data-widget_type=\"text-editor.default\">\n\t\t\t\t<div class=\"elementor-widget-container\">\n\t\t\t\t\t\t\t\t\t<ul>\n<li>The use of drones and\/or any unmanned aerial equipment is prohibited in the indoor areas of the pavilions, lobby, outdoor areas, and parking areas, under penalty of confiscation of the equipment by the event organizers.<\/li>\n<li><span style=\"color: #ff0000;\"><strong>Accreditation and entry to the fair for children under 14 years of age will not be permitted.<\/strong><\/span><\/li><li><span style=\"color: #ff0000;\"><strong>Minors between the ages of 14 and 18 will only be allowed access if accompanied by their parents or guardians.<\/strong><\/span><\/li>\n<li><span style=\"color: #ff0000;\"><strong>Nursing mothers with children up to 11 months and 29 days old will be granted access upon signing a Liability Waiver at the fair's administration office at the time of their visit. <\/strong><\/span><\/li>\n<li>The Organization also suggests that, as it is a business fair, visitors should not go to the event wearing shorts, tank tops, caps and\/or flip-flops.<\/li>\n<li>Visitors are prohibited from selling any type of product, physical or digital, under penalty of being removed from the event premises.<\/li>\n<\/ul>\n<p><strong>The accreditation process takes place in 2 stages:<\/strong><\/p>\n<ol>\n<li>1. Filling in visitor data and other information;<\/li>\n<li>2. Payment.<\/li>\n<\/ol>\n<ul>\n<li>We suggest that you carry out both steps at the same time. Thus, by completing the process, you avoid queues on the day of your visit.<\/li>\n<li>Accreditation is individual, based on the visitor's CPF (Brazilian individual taxpayer registration number) and email address. <span style=\"color: #ff0000;\"><strong>It is not possible to register multiple people under the same CPF (Brazilian tax identification number) and email address.<\/strong><\/span><\/li>\n<li>The credential is personal and non-transferable, and the bearer may be asked at any time to prove their identity using a legally recognized photo ID.<\/li>\n<li>By participating in this event, you agree to the use of your image, name, and voice in any media.<\/li>\n<li>The credential will not be sent by mail and must be collected at the entrance of the event, upon presentation of the CPF and\/or email proving your accreditation and payment.<\/li>\n<li>Half price tickets can only be purchased on fair entrance<\/li>\n<\/ul>\n<p>For questions, visit:&nbsp;<a href=\"https:\/\/fipan.com.br\/en\/perguntas-frequentes\/\">Common questions<\/a><\/p>\t\t\t\t\t\t\t\t<\/div>\n\t\t\t\t<\/div>\n\t\t\t\t\t<\/div>\n\t\t<\/div>\n\t\t\t\t\t<\/div>\n\t\t<\/section>\n\t\t\t\t<section class=\"elementor-section elementor-top-section elementor-element elementor-element-767246c elementor-section-boxed elementor-section-height-default elementor-section-height-default\" data-id=\"767246c\" data-element_type=\"section\">\n\t\t\t\t\t\t<div class=\"elementor-container elementor-column-gap-default\">\n\t\t\t\t\t<div class=\"elementor-column elementor-col-100 elementor-top-column elementor-element elementor-element-daf6b8b\" data-id=\"daf6b8b\" data-element_type=\"column\">\n\t\t\t<div class=\"elementor-widget-wrap elementor-element-populated\">\n\t\t\t\t\t\t<div class=\"elementor-element elementor-element-f1922cb elementor-widget elementor-widget-heading\" data-id=\"f1922cb\" data-element_type=\"widget\" data-widget_type=\"heading.default\">\n\t\t\t\t<div class=\"elementor-widget-container\">\n\t\t\t\t\t<h2 class=\"elementor-heading-title elementor-size-default\">FIRST BATCH: R$ 120.00 (4 days) - Click on \"GET ACCREDITED\"<\/h2>\t\t\t\t<\/div>\n\t\t\t\t<\/div>\n\t\t\t\t\t<\/div>\n\t\t<\/div>\n\t\t\t\t\t<\/div>\n\t\t<\/section>\n\t\t\t\t<section class=\"elementor-section elementor-top-section elementor-element elementor-element-d673acc elementor-section-height-min-height elementor-section-boxed elementor-section-height-default elementor-section-items-middle\" data-id=\"d673acc\" data-element_type=\"section\">\n\t\t\t\t\t\t<div class=\"elementor-container elementor-column-gap-default\">\n\t\t\t\t\t<div class=\"elementor-column elementor-col-50 elementor-top-column elementor-element elementor-element-0c4453d\" data-id=\"0c4453d\" data-element_type=\"column\">\n\t\t\t<div class=\"elementor-widget-wrap elementor-element-populated\">\n\t\t\t\t\t\t<div class=\"elementor-element elementor-element-5faa0ab elementor-button-warning elementor-align-center elementor-widget elementor-widget-button\" data-id=\"5faa0ab\" data-element_type=\"widget\" data-widget_type=\"button.default\">\n\t\t\t\t<div class=\"elementor-widget-container\">\n\t\t\t\t\t\t\t\t\t<div class=\"elementor-button-wrapper\">\n\t\t\t\t\t<a class=\"elementor-button elementor-button-link elementor-size-lg\" href=\"https:\/\/mbxeventos.com\/credenciamentofipan\/home\" target=\"_blank\">\n\t\t\t\t\t\t<span class=\"elementor-button-content-wrapper\">\n\t\t\t\t\t\t<span class=\"elementor-button-icon\">\n\t\t\t\t<i aria-hidden=\"true\" class=\"fas fa-check-circle\"><\/i>\t\t\t<\/span>\n\t\t\t\t\t\t\t\t\t<span class=\"elementor-button-text\">GET ACCREDITED<\/span>\n\t\t\t\t\t<\/span>\n\t\t\t\t\t<\/a>\n\t\t\t\t<\/div>\n\t\t\t\t\t\t\t\t<\/div>\n\t\t\t\t<\/div>\n\t\t\t\t\t<\/div>\n\t\t<\/div>\n\t\t\t\t<div class=\"elementor-column elementor-col-50 elementor-top-column elementor-element elementor-element-f8b7218\" data-id=\"f8b7218\" data-element_type=\"column\">\n\t\t\t<div class=\"elementor-widget-wrap elementor-element-populated\">\n\t\t\t\t\t\t<div class=\"elementor-element elementor-element-fe2f16c elementor-button-warning elementor-align-center elementor-widget elementor-widget-button\" data-id=\"fe2f16c\" data-element_type=\"widget\" data-widget_type=\"button.default\">\n\t\t\t\t<div class=\"elementor-widget-container\">\n\t\t\t\t\t\t\t\t\t<div class=\"elementor-button-wrapper\">\n\t\t\t\t\t<a class=\"elementor-button elementor-button-link elementor-size-lg\" href=\"https:\/\/1.adfeiras.com.br\/fipan2026\" target=\"_blank\">\n\t\t\t\t\t\t<span class=\"elementor-button-content-wrapper\">\n\t\t\t\t\t\t<span class=\"elementor-button-icon\">\n\t\t\t\t<i aria-hidden=\"true\" class=\"fas fa-hotel\"><\/i>\t\t\t<\/span>\n\t\t\t\t\t\t\t\t\t<span class=\"elementor-button-text\">TRAVEL AGENCY<\/span>\n\t\t\t\t\t<\/span>\n\t\t\t\t\t<\/a>\n\t\t\t\t<\/div>\n\t\t\t\t\t\t\t\t<\/div>\n\t\t\t\t<\/div>\n\t\t\t\t\t<\/div>\n\t\t<\/div>\n\t\t\t\t\t<\/div>\n\t\t<\/section>\n\t\t\t\t<section class=\"elementor-section elementor-top-section elementor-element elementor-element-9942bb7 elementor-section-full_width elementor-section-height-default elementor-section-height-default\" data-id=\"9942bb7\" data-element_type=\"section\">\n\t\t\t\t\t\t<div class=\"elementor-container elementor-column-gap-default\">\n\t\t\t\t\t<div class=\"elementor-column elementor-col-100 elementor-top-column elementor-element elementor-element-45fd38b\" data-id=\"45fd38b\" data-element_type=\"column\">\n\t\t\t<div class=\"elementor-widget-wrap elementor-element-populated\">\n\t\t\t\t\t\t<div class=\"elementor-element elementor-element-f4d357e elementor-widget elementor-widget-image\" data-id=\"f4d357e\" data-element_type=\"widget\" data-widget_type=\"image.default\">\n\t\t\t\t<div class=\"elementor-widget-container\">\n\t\t\t\t\t\t\t\t\t\t\t\t\t\t\t<img fetchpriority=\"high\" decoding=\"async\" width=\"650\" height=\"260\" src=\"https:\/\/fipan.com.br\/wp-content\/uploads\/2026\/03\/Realizacao_650x260-1.jpg\" class=\"attachment-large size-large wp-image-14849\" alt=\"\" srcset=\"https:\/\/fipan.com.br\/wp-content\/uploads\/2026\/03\/Realizacao_650x260-1.jpg 650w, https:\/\/fipan.com.br\/wp-content\/uploads\/2026\/03\/Realizacao_650x260-1-300x120.jpg 300w, https:\/\/fipan.com.br\/wp-content\/uploads\/2026\/03\/Realizacao_650x260-1-18x7.jpg 18w\" sizes=\"(max-width: 650px) 100vw, 650px\" \/>\t\t\t\t\t\t\t\t\t\t\t\t\t\t\t<\/div>\n\t\t\t\t<\/div>\n\t\t\t\t\t<\/div>\n\t\t<\/div>\n\t\t\t\t\t<\/div>\n\t\t<\/section>\n\t\t\t\t<section class=\"elementor-section elementor-top-section elementor-element elementor-element-7a9711a elementor-section-full_width elementor-section-height-default elementor-section-height-default\" data-id=\"7a9711a\" data-element_type=\"section\">\n\t\t\t\t\t\t<div class=\"elementor-container elementor-column-gap-default\">\n\t\t\t\t\t<div class=\"elementor-column elementor-col-100 elementor-top-column elementor-element elementor-element-9b10187\" data-id=\"9b10187\" data-element_type=\"column\">\n\t\t\t<div class=\"elementor-widget-wrap elementor-element-populated\">\n\t\t\t\t\t\t<div class=\"elementor-element elementor-element-084d627 elementor-widget elementor-widget-image\" data-id=\"084d627\" data-element_type=\"widget\" data-widget_type=\"image.default\">\n\t\t\t\t<div class=\"elementor-widget-container\">\n\t\t\t\t\t\t\t\t\t\t\t\t\t\t\t<img decoding=\"async\" width=\"650\" height=\"200\" src=\"https:\/\/fipan.com.br\/wp-content\/uploads\/2025\/11\/Apoiadores_600x200_0611.jpg\" class=\"attachment-large size-large wp-image-13892\" alt=\"\" srcset=\"https:\/\/fipan.com.br\/wp-content\/uploads\/2025\/11\/Apoiadores_600x200_0611.jpg 650w, https:\/\/fipan.com.br\/wp-content\/uploads\/2025\/11\/Apoiadores_600x200_0611-300x92.jpg 300w, https:\/\/fipan.com.br\/wp-content\/uploads\/2025\/11\/Apoiadores_600x200_0611-18x6.jpg 18w\" sizes=\"(max-width: 650px) 100vw, 650px\" \/>\t\t\t\t\t\t\t\t\t\t\t\t\t\t\t<\/div>\n\t\t\t\t<\/div>\n\t\t\t\t\t<\/div>\n\t\t<\/div>\n\t\t\t\t\t<\/div>\n\t\t<\/section>\n\t\t\t\t<\/div>","protected":false},"excerpt":{"rendered":"<p>BEM VINDO (A) \u00c0 FIPAN 2026 Antes de iniciar o seu credenciamento para acesso ao evento, leia atentamente as\u00a0informa\u00e7\u00f5es abaixo: \u00c9 proibida a utiliza\u00e7\u00e3o de drone e\/ou qualquer equipamento a\u00e9reo n\u00e3o tripulado nas \u00e1reas internas dos pavilh\u00f5es, lobby, \u00e1reas externas e nas \u00e1reas de estacionamento, sob pena de reten\u00e7\u00e3o do equipamento pela Organiza\u00e7\u00e3o do evento. [&hellip;]<\/p>","protected":false},"author":3,"featured_media":0,"parent":0,"menu_order":0,"comment_status":"closed","ping_status":"closed","template":"","meta":{"om_disable_all_campaigns":false,"_monsterinsights_skip_tracking":false,"_monsterinsights_sitenote_active":false,"_monsterinsights_sitenote_note":"","_monsterinsights_sitenote_category":0,"_uf_show_specific_survey":0,"_uf_disable_surveys":false,"site-sidebar-layout":"no-sidebar","site-content-layout":"page-builder","ast-site-content-layout":"full-width-container","site-content-style":"unboxed","site-sidebar-style":"unboxed","ast-global-header-display":"","ast-banner-title-visibility":"","ast-main-header-display":"","ast-hfb-above-header-display":"","ast-hfb-below-header-display":"","ast-hfb-mobile-header-display":"","site-post-title":"disabled","ast-breadcrumbs-content":"","ast-featured-img":"disabled","footer-sml-layout":"","theme-transparent-header-meta":"","adv-header-id-meta":"","stick-header-meta":"","header-above-stick-meta":"","header-main-stick-meta":"","header-below-stick-meta":"","astra-migrate-meta-layouts":"set","ast-page-background-enabled":"default","ast-page-background-meta":{"desktop":{"background-color":"var(--ast-global-color-4)","background-image":"","background-repeat":"repeat","background-position":"center center","background-size":"auto","background-attachment":"scroll","background-type":"","background-media":"","overlay-type":"","overlay-color":"","overlay-gradient":""},"tablet":{"background-color":"","background-image":"","background-repeat":"repeat","background-position":"center center","background-size":"auto","background-attachment":"scroll","background-type":"","background-media":"","overlay-type":"","overlay-color":"","overlay-gradient":""},"mobile":{"background-color":"","background-image":"","background-repeat":"repeat","background-position":"center center","background-size":"auto","background-attachment":"scroll","background-type":"","background-media":"","overlay-type":"","overlay-color":"","overlay-gradient":""}},"ast-content-background-meta":{"desktop":{"background-color":"var(--ast-global-color-5)","background-image":"","background-repeat":"repeat","background-position":"center center","background-size":"auto","background-attachment":"scroll","background-type":"","background-media":"","overlay-type":"","overlay-color":"","overlay-gradient":""},"tablet":{"background-color":"var(--ast-global-color-5)","background-image":"","background-repeat":"repeat","background-position":"center center","background-size":"auto","background-attachment":"scroll","background-type":"","background-media":"","overlay-type":"","overlay-color":"","overlay-gradient":""},"mobile":{"background-color":"var(--ast-global-color-5)","background-image":"","background-repeat":"repeat","background-position":"center center","background-size":"auto","background-attachment":"scroll","background-type":"","background-media":"","overlay-type":"","overlay-color":"","overlay-gradient":""}},"footnotes":""},"class_list":["post-4551","page","type-page","status-publish","hentry"],"aioseo_notices":[],"_links":{"self":[{"href":"https:\/\/fipan.com.br\/en\/wp-json\/wp\/v2\/pages\/4551","targetHints":{"allow":["GET"]}}],"collection":[{"href":"https:\/\/fipan.com.br\/en\/wp-json\/wp\/v2\/pages"}],"about":[{"href":"https:\/\/fipan.com.br\/en\/wp-json\/wp\/v2\/types\/page"}],"author":[{"embeddable":true,"href":"https:\/\/fipan.com.br\/en\/wp-json\/wp\/v2\/users\/3"}],"replies":[{"embeddable":true,"href":"https:\/\/fipan.com.br\/en\/wp-json\/wp\/v2\/comments?post=4551"}],"version-history":[{"count":232,"href":"https:\/\/fipan.com.br\/en\/wp-json\/wp\/v2\/pages\/4551\/revisions"}],"predecessor-version":[{"id":15191,"href":"https:\/\/fipan.com.br\/en\/wp-json\/wp\/v2\/pages\/4551\/revisions\/15191"}],"wp:attachment":[{"href":"https:\/\/fipan.com.br\/en\/wp-json\/wp\/v2\/media?parent=4551"}],"curies":[{"name":"wp","href":"https:\/\/api.w.org\/{rel}","templated":true}]}}