{"id":726,"date":"2023-08-30T09:46:23","date_gmt":"2023-08-30T12:46:23","guid":{"rendered":"https:\/\/fipan.com.br\/?page_id=726"},"modified":"2026-03-23T11:58:51","modified_gmt":"2026-03-23T14:58:51","slug":"pesquisanacional","status":"publish","type":"page","link":"https:\/\/fipan.com.br\/en\/pesquisanacional\/","title":{"rendered":"NATIONAL BAKERY REPORT"},"content":{"rendered":"<div data-elementor-type=\"wp-page\" data-elementor-id=\"726\" class=\"elementor elementor-726\">\n\t\t\t\t\t\t<section class=\"elementor-section elementor-top-section elementor-element elementor-element-213aeeb elementor-section-full_width elementor-section-height-default elementor-section-height-default\" data-id=\"213aeeb\" data-element_type=\"section\">\n\t\t\t\t\t\t<div class=\"elementor-container elementor-column-gap-default\">\n\t\t\t\t\t<div class=\"elementor-column elementor-col-100 elementor-top-column elementor-element elementor-element-bd4aa3e\" data-id=\"bd4aa3e\" data-element_type=\"column\">\n\t\t\t<div class=\"elementor-widget-wrap elementor-element-populated\">\n\t\t\t\t\t\t<div class=\"elementor-element elementor-element-1d977db elementor-invisible elementor-widget elementor-widget-image\" data-id=\"1d977db\" data-element_type=\"widget\" data-settings=\"{&quot;_animation&quot;:&quot;fadeIn&quot;,&quot;_animation_delay&quot;:0}\" data-widget_type=\"image.default\">\n\t\t\t\t<div class=\"elementor-widget-container\">\n\t\t\t\t\t\t\t\t\t\t\t\t\t\t\t<img fetchpriority=\"high\" decoding=\"async\" width=\"1920\" height=\"819\" src=\"https:\/\/fipan.com.br\/wp-content\/uploads\/2025\/10\/Home_2026_1902x819_ing.jpg\" class=\"attachment-2048x2048 size-2048x2048 wp-image-12851\" alt=\"\" srcset=\"https:\/\/fipan.com.br\/wp-content\/uploads\/2025\/10\/Home_2026_1902x819_ing.jpg 1920w, https:\/\/fipan.com.br\/wp-content\/uploads\/2025\/10\/Home_2026_1902x819_ing-300x128.jpg 300w, https:\/\/fipan.com.br\/wp-content\/uploads\/2025\/10\/Home_2026_1902x819_ing-1024x437.jpg 1024w, https:\/\/fipan.com.br\/wp-content\/uploads\/2025\/10\/Home_2026_1902x819_ing-768x328.jpg 768w, https:\/\/fipan.com.br\/wp-content\/uploads\/2025\/10\/Home_2026_1902x819_ing-1536x655.jpg 1536w, https:\/\/fipan.com.br\/wp-content\/uploads\/2025\/10\/Home_2026_1902x819_ing-18x8.jpg 18w\" sizes=\"(max-width: 1920px) 100vw, 1920px\" \/>\t\t\t\t\t\t\t\t\t\t\t\t\t\t\t<\/div>\n\t\t\t\t<\/div>\n\t\t\t\t\t<\/div>\n\t\t<\/div>\n\t\t\t\t\t<\/div>\n\t\t<\/section>\n\t\t\t\t<section class=\"elementor-section elementor-top-section elementor-element elementor-element-7a31a94 elementor-section-boxed elementor-section-height-default elementor-section-height-default\" data-id=\"7a31a94\" data-element_type=\"section\">\n\t\t\t\t\t\t<div class=\"elementor-container elementor-column-gap-default\">\n\t\t\t\t\t<div class=\"elementor-column elementor-col-100 elementor-top-column elementor-element elementor-element-70a4dcc\" data-id=\"70a4dcc\" data-element_type=\"column\">\n\t\t\t<div class=\"elementor-widget-wrap elementor-element-populated\">\n\t\t\t\t\t\t<div class=\"elementor-element elementor-element-08b3d01 elementor-widget elementor-widget-heading\" data-id=\"08b3d01\" data-element_type=\"widget\" data-widget_type=\"heading.default\">\n\t\t\t\t<div class=\"elementor-widget-container\">\n\t\t\t\t\t<h2 class=\"elementor-heading-title elementor-size-default\">NATIONAL BAKERY INDUSTRY REPORT<\/h2>\t\t\t\t<\/div>\n\t\t\t\t<\/div>\n\t\t\t\t\t<\/div>\n\t\t<\/div>\n\t\t\t\t\t<\/div>\n\t\t<\/section>\n\t\t\t\t<section class=\"elementor-section elementor-top-section elementor-element elementor-element-fe308d9 elementor-section-full_width elementor-section-height-default elementor-section-height-default\" data-id=\"fe308d9\" data-element_type=\"section\">\n\t\t\t\t\t\t<div class=\"elementor-container elementor-column-gap-default\">\n\t\t\t\t\t<div class=\"elementor-column elementor-col-100 elementor-top-column elementor-element elementor-element-ae9ad5a\" data-id=\"ae9ad5a\" data-element_type=\"column\">\n\t\t\t<div class=\"elementor-widget-wrap elementor-element-populated\">\n\t\t\t\t\t\t<div class=\"elementor-element elementor-element-3fb331d elementor-widget elementor-widget-text-editor\" data-id=\"3fb331d\" data-element_type=\"widget\" data-widget_type=\"text-editor.default\">\n\t\t\t\t<div class=\"elementor-widget-container\">\n\t\t\t\t\t\t\t\t\t<p style=\"text-align: center;\">We are more than 70,000 independent bakeries, the largest number in the WORLD! Check out the unprecedented survey conducted by <span style=\"color: #ff6600;\"><strong>EUROMONITOR<\/strong><\/span> and commissioned by <span style=\"color: #ff6600;\"><strong>FIPAN<\/strong><\/span> to confirm that Brazil is the country of baking!<\/p>\t\t\t\t\t\t\t\t<\/div>\n\t\t\t\t<\/div>\n\t\t\t\t\t<\/div>\n\t\t<\/div>\n\t\t\t\t\t<\/div>\n\t\t<\/section>\n\t\t\t\t<section class=\"elementor-section elementor-top-section elementor-element elementor-element-5cdade3 elementor-section-boxed elementor-section-height-default elementor-section-height-default\" data-id=\"5cdade3\" data-element_type=\"section\">\n\t\t\t\t\t\t<div class=\"elementor-container elementor-column-gap-default\">\n\t\t\t\t\t<div class=\"elementor-column elementor-col-100 elementor-top-column elementor-element elementor-element-0b264a4\" data-id=\"0b264a4\" data-element_type=\"column\">\n\t\t\t<div class=\"elementor-widget-wrap elementor-element-populated\">\n\t\t\t\t\t\t<div class=\"elementor-element elementor-element-572b12a elementor-align-center elementor-widget elementor-widget-button\" data-id=\"572b12a\" data-element_type=\"widget\" data-widget_type=\"button.default\">\n\t\t\t\t<div class=\"elementor-widget-container\">\n\t\t\t\t\t\t\t\t\t<div class=\"elementor-button-wrapper\">\n\t\t\t\t\t<a class=\"elementor-button elementor-button-link elementor-size-sm\" href=\"https:\/\/fipan.com.br\/wp-content\/uploads\/2025\/10\/NATIONAL-BAKERY-INDUSTRY-REPORT-FIPAN-2025.pdf\" target=\"_blank\">\n\t\t\t\t\t\t<span class=\"elementor-button-content-wrapper\">\n\t\t\t\t\t\t<span class=\"elementor-button-icon\">\n\t\t\t\t<i aria-hidden=\"true\" class=\"fas fa-mouse-pointer\"><\/i>\t\t\t<\/span>\n\t\t\t\t\t\t\t\t\t<span class=\"elementor-button-text\">DOWNLOAD<\/span>\n\t\t\t\t\t<\/span>\n\t\t\t\t\t<\/a>\n\t\t\t\t<\/div>\n\t\t\t\t\t\t\t\t<\/div>\n\t\t\t\t<\/div>\n\t\t\t\t\t<\/div>\n\t\t<\/div>\n\t\t\t\t\t<\/div>\n\t\t<\/section>\n\t\t\t\t<section class=\"elementor-section elementor-top-section elementor-element elementor-element-90f0650 elementor-section-boxed elementor-section-height-default elementor-section-height-default\" data-id=\"90f0650\" data-element_type=\"section\">\n\t\t\t\t\t\t<div class=\"elementor-container elementor-column-gap-default\">\n\t\t\t\t\t<div class=\"elementor-column elementor-col-100 elementor-top-column elementor-element elementor-element-03db59b\" data-id=\"03db59b\" data-element_type=\"column\">\n\t\t\t<div class=\"elementor-widget-wrap elementor-element-populated\">\n\t\t\t\t\t\t<div class=\"elementor-element elementor-element-e81d20e elementor-widget elementor-widget-image\" data-id=\"e81d20e\" data-element_type=\"widget\" data-widget_type=\"image.default\">\n\t\t\t\t<div class=\"elementor-widget-container\">\n\t\t\t\t\t\t\t\t\t\t\t\t\t\t\t<img decoding=\"async\" width=\"600\" height=\"250\" src=\"https:\/\/fipan.com.br\/wp-content\/uploads\/2025\/10\/FipanDay_Patrocinadores_600x250_ing.jpg\" class=\"attachment-large size-large wp-image-13656\" alt=\"\" srcset=\"https:\/\/fipan.com.br\/wp-content\/uploads\/2025\/10\/FipanDay_Patrocinadores_600x250_ing.jpg 600w, https:\/\/fipan.com.br\/wp-content\/uploads\/2025\/10\/FipanDay_Patrocinadores_600x250_ing-300x125.jpg 300w, https:\/\/fipan.com.br\/wp-content\/uploads\/2025\/10\/FipanDay_Patrocinadores_600x250_ing-18x8.jpg 18w\" sizes=\"(max-width: 600px) 100vw, 600px\" \/>\t\t\t\t\t\t\t\t\t\t\t\t\t\t\t<\/div>\n\t\t\t\t<\/div>\n\t\t\t\t\t<\/div>\n\t\t<\/div>\n\t\t\t\t\t<\/div>\n\t\t<\/section>\n\t\t\t\t<section class=\"elementor-section elementor-top-section elementor-element elementor-element-6dc20f7 elementor-section-boxed elementor-section-height-default elementor-section-height-default\" data-id=\"6dc20f7\" data-element_type=\"section\">\n\t\t\t\t\t\t<div class=\"elementor-container elementor-column-gap-default\">\n\t\t\t\t\t<div class=\"elementor-column elementor-col-100 elementor-top-column elementor-element elementor-element-e9ac0f4\" data-id=\"e9ac0f4\" data-element_type=\"column\">\n\t\t\t<div class=\"elementor-widget-wrap elementor-element-populated\">\n\t\t\t\t\t\t<div class=\"elementor-element elementor-element-45601e0 elementor-widget elementor-widget-image\" data-id=\"45601e0\" data-element_type=\"widget\" data-widget_type=\"image.default\">\n\t\t\t\t<div class=\"elementor-widget-container\">\n\t\t\t\t\t\t\t\t\t\t\t\t\t\t\t<img decoding=\"async\" width=\"650\" height=\"260\" src=\"https:\/\/fipan.com.br\/wp-content\/uploads\/2026\/03\/Realizacao_650x260-1.jpg\" class=\"attachment-full size-full wp-image-14849\" alt=\"\" srcset=\"https:\/\/fipan.com.br\/wp-content\/uploads\/2026\/03\/Realizacao_650x260-1.jpg 650w, https:\/\/fipan.com.br\/wp-content\/uploads\/2026\/03\/Realizacao_650x260-1-300x120.jpg 300w, https:\/\/fipan.com.br\/wp-content\/uploads\/2026\/03\/Realizacao_650x260-1-18x7.jpg 18w\" sizes=\"(max-width: 650px) 100vw, 650px\" \/>\t\t\t\t\t\t\t\t\t\t\t\t\t\t\t<\/div>\n\t\t\t\t<\/div>\n\t\t\t\t\t<\/div>\n\t\t<\/div>\n\t\t\t\t\t<\/div>\n\t\t<\/section>\n\t\t\t\t<\/div>","protected":false},"excerpt":{"rendered":"<p>PESQUISA NACIONAL DE PANIFICA\u00c7\u00c3O Somos mais de 70 mil padarias independentes, o maior n\u00famero no MUNDO! Confira abaixo a pesquisa in\u00e9dita realizada pela EUROMONITOR e encomendada pela FIPAN para confirmar que o Brasil \u00e9 o pa\u00eds da panifica\u00e7\u00e3o! DOWNLOAD<\/p>","protected":false},"author":3,"featured_media":0,"parent":0,"menu_order":-1,"comment_status":"closed","ping_status":"closed","template":"","meta":{"om_disable_all_campaigns":false,"_monsterinsights_skip_tracking":false,"_monsterinsights_sitenote_active":false,"_monsterinsights_sitenote_note":"","_monsterinsights_sitenote_category":0,"_uf_show_specific_survey":0,"_uf_disable_surveys":false,"site-sidebar-layout":"no-sidebar","site-content-layout":"page-builder","ast-site-content-layout":"full-width-container","site-content-style":"unboxed","site-sidebar-style":"unboxed","ast-global-header-display":"","ast-banner-title-visibility":"","ast-main-header-display":"","ast-hfb-above-header-display":"","ast-hfb-below-header-display":"","ast-hfb-mobile-header-display":"","site-post-title":"disabled","ast-breadcrumbs-content":"","ast-featured-img":"disabled","footer-sml-layout":"","theme-transparent-header-meta":"","adv-header-id-meta":"","stick-header-meta":"","header-above-stick-meta":"","header-main-stick-meta":"","header-below-stick-meta":"","astra-migrate-meta-layouts":"set","ast-page-background-enabled":"default","ast-page-background-meta":{"desktop":{"background-color":"var(--ast-global-color-4)","background-image":"","background-repeat":"repeat","background-position":"center center","background-size":"auto","background-attachment":"scroll","background-type":"","background-media":"","overlay-type":"","overlay-color":"","overlay-gradient":""},"tablet":{"background-color":"","background-image":"","background-repeat":"repeat","background-position":"center center","background-size":"auto","background-attachment":"scroll","background-type":"","background-media":"","overlay-type":"","overlay-color":"","overlay-gradient":""},"mobile":{"background-color":"","background-image":"","background-repeat":"repeat","background-position":"center center","background-size":"auto","background-attachment":"scroll","background-type":"","background-media":"","overlay-type":"","overlay-color":"","overlay-gradient":""}},"ast-content-background-meta":{"desktop":{"background-color":"var(--ast-global-color-5)","background-image":"","background-repeat":"repeat","background-position":"center center","background-size":"auto","background-attachment":"scroll","background-type":"","background-media":"","overlay-type":"","overlay-color":"","overlay-gradient":""},"tablet":{"background-color":"var(--ast-global-color-5)","background-image":"","background-repeat":"repeat","background-position":"center center","background-size":"auto","background-attachment":"scroll","background-type":"","background-media":"","overlay-type":"","overlay-color":"","overlay-gradient":""},"mobile":{"background-color":"var(--ast-global-color-5)","background-image":"","background-repeat":"repeat","background-position":"center center","background-size":"auto","background-attachment":"scroll","background-type":"","background-media":"","overlay-type":"","overlay-color":"","overlay-gradient":""}},"footnotes":""},"class_list":["post-726","page","type-page","status-publish","hentry"],"aioseo_notices":[],"_links":{"self":[{"href":"https:\/\/fipan.com.br\/en\/wp-json\/wp\/v2\/pages\/726","targetHints":{"allow":["GET"]}}],"collection":[{"href":"https:\/\/fipan.com.br\/en\/wp-json\/wp\/v2\/pages"}],"about":[{"href":"https:\/\/fipan.com.br\/en\/wp-json\/wp\/v2\/types\/page"}],"author":[{"embeddable":true,"href":"https:\/\/fipan.com.br\/en\/wp-json\/wp\/v2\/users\/3"}],"replies":[{"embeddable":true,"href":"https:\/\/fipan.com.br\/en\/wp-json\/wp\/v2\/comments?post=726"}],"version-history":[{"count":31,"href":"https:\/\/fipan.com.br\/en\/wp-json\/wp\/v2\/pages\/726\/revisions"}],"predecessor-version":[{"id":14852,"href":"https:\/\/fipan.com.br\/en\/wp-json\/wp\/v2\/pages\/726\/revisions\/14852"}],"wp:attachment":[{"href":"https:\/\/fipan.com.br\/en\/wp-json\/wp\/v2\/media?parent=726"}],"curies":[{"name":"wp","href":"https:\/\/api.w.org\/{rel}","templated":true}]}}