{"id":788,"date":"2023-08-30T11:00:44","date_gmt":"2023-08-30T14:00:44","guid":{"rendered":"https:\/\/fipan.com.br\/?page_id=788"},"modified":"2025-09-01T11:12:31","modified_gmt":"2025-09-01T14:12:31","slug":"seja-um-expositor","status":"publish","type":"page","link":"https:\/\/fipan.com.br\/en\/seja-um-expositor\/","title":{"rendered":"Be an Exhibitor"},"content":{"rendered":"<div data-elementor-type=\"wp-page\" data-elementor-id=\"788\" class=\"elementor elementor-788\">\n\t\t\t\t\t\t<section class=\"elementor-section elementor-top-section elementor-element elementor-element-213aeeb elementor-section-full_width elementor-section-height-default elementor-section-height-default\" data-id=\"213aeeb\" data-element_type=\"section\">\n\t\t\t\t\t\t<div class=\"elementor-container elementor-column-gap-default\">\n\t\t\t\t\t<div class=\"elementor-column elementor-col-100 elementor-top-column elementor-element elementor-element-bd4aa3e\" data-id=\"bd4aa3e\" data-element_type=\"column\">\n\t\t\t<div class=\"elementor-widget-wrap elementor-element-populated\">\n\t\t\t\t\t\t<div class=\"elementor-element elementor-element-1d977db elementor-widget elementor-widget-image\" data-id=\"1d977db\" data-element_type=\"widget\" data-settings=\"{&quot;_animation&quot;:&quot;none&quot;,&quot;_animation_delay&quot;:0}\" data-widget_type=\"image.default\">\n\t\t\t\t<div class=\"elementor-widget-container\">\n\t\t\t\t\t\t\t\t\t\t\t\t\t\t\t<img fetchpriority=\"high\" decoding=\"async\" width=\"1920\" height=\"819\" src=\"https:\/\/fipan.com.br\/wp-content\/uploads\/2025\/10\/Home_2026_1902x819_ing.jpg\" class=\"attachment-2048x2048 size-2048x2048 wp-image-12851\" alt=\"\" srcset=\"https:\/\/fipan.com.br\/wp-content\/uploads\/2025\/10\/Home_2026_1902x819_ing.jpg 1920w, https:\/\/fipan.com.br\/wp-content\/uploads\/2025\/10\/Home_2026_1902x819_ing-300x128.jpg 300w, https:\/\/fipan.com.br\/wp-content\/uploads\/2025\/10\/Home_2026_1902x819_ing-1024x437.jpg 1024w, https:\/\/fipan.com.br\/wp-content\/uploads\/2025\/10\/Home_2026_1902x819_ing-768x328.jpg 768w, https:\/\/fipan.com.br\/wp-content\/uploads\/2025\/10\/Home_2026_1902x819_ing-1536x655.jpg 1536w, https:\/\/fipan.com.br\/wp-content\/uploads\/2025\/10\/Home_2026_1902x819_ing-18x8.jpg 18w\" sizes=\"(max-width: 1920px) 100vw, 1920px\" \/>\t\t\t\t\t\t\t\t\t\t\t\t\t\t\t<\/div>\n\t\t\t\t<\/div>\n\t\t\t\t\t<\/div>\n\t\t<\/div>\n\t\t\t\t\t<\/div>\n\t\t<\/section>\n\t\t\t\t<section class=\"elementor-section elementor-top-section elementor-element elementor-element-543cc23 elementor-section-full_width elementor-section-height-default elementor-section-height-default\" data-id=\"543cc23\" data-element_type=\"section\">\n\t\t\t\t\t\t\t<div class=\"elementor-background-overlay\"><\/div>\n\t\t\t\t\t\t\t<div class=\"elementor-container elementor-column-gap-default\">\n\t\t\t\t\t<div class=\"elementor-column elementor-col-100 elementor-top-column elementor-element elementor-element-4378b44\" data-id=\"4378b44\" data-element_type=\"column\">\n\t\t\t<div class=\"elementor-widget-wrap elementor-element-populated\">\n\t\t\t\t\t\t<div class=\"elementor-element elementor-element-5533c4e elementor-widget__width-inherit elementor-widget elementor-widget-heading\" data-id=\"5533c4e\" data-element_type=\"widget\" data-settings=\"{&quot;_animation&quot;:&quot;none&quot;}\" data-widget_type=\"heading.default\">\n\t\t\t\t<div class=\"elementor-widget-container\">\n\t\t\t\t\t<h2 class=\"elementor-heading-title elementor-size-default\">PROMOTING BUSINESS FOR THOSE WHO OPERATE THE FOOD SERVICE<\/h2>\t\t\t\t<\/div>\n\t\t\t\t<\/div>\n\t\t\t\t<div class=\"elementor-element elementor-element-e1d67b9 elementor-widget elementor-widget-text-editor\" data-id=\"e1d67b9\" data-element_type=\"widget\" data-widget_type=\"text-editor.default\">\n\t\t\t\t<div class=\"elementor-widget-container\">\n\t\t\t\t\t\t\t\t\t<p>The main suppliers of the sector's production chain participate in the fair, involving, among other segments, those that offer commercial installations, machines, equipment, raw materials, packaging and operating systems, as well as final products such as drinks, cold cuts, ice cream, chocolates and many others for direct resale in commercial establishments.<\/p><p>Among these businesses, we highlight the formation of commercial partnerships between exhibitors and more than five thousand representatives and distributors who, coming from all over Brazil and around 50 countries, participate in the event in search of commercial opportunities to serve the regions where they are installed.<\/p>\t\t\t\t\t\t\t\t<\/div>\n\t\t\t\t<\/div>\n\t\t\t\t\t<\/div>\n\t\t<\/div>\n\t\t\t\t\t<\/div>\n\t\t<\/section>\n\t\t\t\t<section class=\"elementor-section elementor-top-section elementor-element elementor-element-41288aa elementor-section-full_width elementor-section-height-default elementor-section-height-default\" data-id=\"41288aa\" data-element_type=\"section\">\n\t\t\t\t\t\t\t<div class=\"elementor-background-overlay\"><\/div>\n\t\t\t\t\t\t\t<div class=\"elementor-container elementor-column-gap-default\">\n\t\t\t\t\t<div class=\"elementor-column elementor-col-33 elementor-top-column elementor-element elementor-element-c767d69\" data-id=\"c767d69\" data-element_type=\"column\">\n\t\t\t<div class=\"elementor-widget-wrap elementor-element-populated\">\n\t\t\t\t\t\t<div class=\"elementor-element elementor-element-7e7b45c elementor-widget elementor-widget-heading\" data-id=\"7e7b45c\" data-element_type=\"widget\" data-widget_type=\"heading.default\">\n\t\t\t\t<div class=\"elementor-widget-container\">\n\t\t\t\t\t<h2 class=\"elementor-heading-title elementor-size-default\">FIPAN 2026<\/h2>\t\t\t\t<\/div>\n\t\t\t\t<\/div>\n\t\t\t\t<div class=\"elementor-element elementor-element-7741ffc elementor-widget elementor-widget-text-editor\" data-id=\"7741ffc\" data-element_type=\"widget\" data-widget_type=\"text-editor.default\">\n\t\t\t\t<div class=\"elementor-widget-container\">\n\t\t\t\t\t\t\t\t\t<p style=\"text-align: center;\">21 a 24 de Julho<\/p>\n<p style=\"text-align: center;\">Expo Center Norte | S\u00e3o Paulo | Brasil<\/p>\n<p style=\"text-align: center;\"><img decoding=\"async\" class=\"alignnone size-full wp-image-2751\" src=\"https:\/\/fipan.com.br\/wp-content\/uploads\/2023\/10\/phone-call_597177-1.png\" alt=\"\" width=\"16\" height=\"16\" srcset=\"https:\/\/fipan.com.br\/wp-content\/uploads\/2023\/10\/phone-call_597177-1.png 16w, https:\/\/fipan.com.br\/wp-content\/uploads\/2023\/10\/phone-call_597177-1-12x12.png 12w\" sizes=\"(max-width: 16px) 100vw, 16px\" \/> 11 3159-4223<\/p>\n<p style=\"text-align: center;\"><img decoding=\"async\" class=\"alignnone size-full wp-image-2752\" src=\"https:\/\/fipan.com.br\/wp-content\/uploads\/2023\/10\/email_542689-1.png\" alt=\"\" width=\"16\" height=\"16\" srcset=\"https:\/\/fipan.com.br\/wp-content\/uploads\/2023\/10\/email_542689-1.png 16w, https:\/\/fipan.com.br\/wp-content\/uploads\/2023\/10\/email_542689-1-12x12.png 12w\" sizes=\"(max-width: 16px) 100vw, 16px\" \/> fipan@fipan.com.br<\/p>\t\t\t\t\t\t\t\t<\/div>\n\t\t\t\t<\/div>\n\t\t\t\t\t<\/div>\n\t\t<\/div>\n\t\t\t\t<div class=\"elementor-column elementor-col-33 elementor-top-column elementor-element elementor-element-d42a56b\" data-id=\"d42a56b\" data-element_type=\"column\">\n\t\t\t<div class=\"elementor-widget-wrap elementor-element-populated\">\n\t\t\t\t\t\t<div class=\"elementor-element elementor-element-a7df5e6 elementor-widget__width-inherit elementor-widget elementor-widget-heading\" data-id=\"a7df5e6\" data-element_type=\"widget\" data-settings=\"{&quot;_animation&quot;:&quot;none&quot;}\" data-widget_type=\"heading.default\">\n\t\t\t\t<div class=\"elementor-widget-container\">\n\t\t\t\t\t<h2 class=\"elementor-heading-title elementor-size-default\">BECOME AN EXHIBITOR<\/h2>\t\t\t\t<\/div>\n\t\t\t\t<\/div>\n\t\t\t\t<div class=\"elementor-element elementor-element-77eeeab elementor-widget elementor-widget-wpforms\" data-id=\"77eeeab\" data-element_type=\"widget\" data-widget_type=\"wpforms.default\">\n\t\t\t\t<div class=\"elementor-widget-container\">\n\t\t\t\t\t<style id=\"wpforms-css-vars-elementor-widget-77eeeab\">\n\t\t\t\t.elementor-widget-wpforms.elementor-element-77eeeab {\n\t\t\t\t--wpforms-label-color: #E67001D4;\n--wpforms-button-border-radius: 10px;\n--wpforms-button-background-color: #e67001;\n\t\t\t}\n\t\t\t<\/style><div class=\"wpforms-container wpforms-container-full wpforms-render-modern\" id=\"wpforms-793\"><form id=\"wpforms-form-793\" class=\"wpforms-validate wpforms-form wpforms-ajax-form\" data-formid=\"793\" method=\"post\" enctype=\"multipart\/form-data\" action=\"\/en\/wp-json\/wp\/v2\/pages\/788\" data-token=\"8a6864fc052dd47e1c0d872d80cd6b16\" data-token-time=\"1775492937\" data-trp-original-action=\"\/en\/wp-json\/wp\/v2\/pages\/788\"><noscript class=\"wpforms-error-noscript\">Please enable JavaScript in your browser to complete this form.<\/noscript><div id=\"wpforms-error-noscript\" style=\"display: none;\">Please enable JavaScript in your browser to complete this form.<\/div><div class=\"wpforms-field-container\"><div id=\"wpforms-793-field_1-container\" class=\"wpforms-field wpforms-field-text\" data-field-id=\"1\"><label class=\"wpforms-field-label\" for=\"wpforms-793-field_1\">Name <span class=\"wpforms-required-label\" aria-hidden=\"true\">*<\/span><\/label><input type=\"text\" id=\"wpforms-793-field_1\" class=\"wpforms-field-large wpforms-field-required\" name=\"wpforms[fields][1]\" aria-errormessage=\"wpforms-793-field_1-error\" required><\/div><div id=\"wpforms-793-field_2-container\" class=\"wpforms-field wpforms-field-text\" data-field-id=\"2\"><label class=\"wpforms-field-label\" for=\"wpforms-793-field_2\">E-mail * <span class=\"wpforms-required-label\" aria-hidden=\"true\">*<\/span><\/label><input type=\"text\" id=\"wpforms-793-field_2\" class=\"wpforms-field-large wpforms-field-required\" name=\"wpforms[fields][2]\" aria-errormessage=\"wpforms-793-field_2-error\" required><\/div><div id=\"wpforms-793-field_7-container\" class=\"wpforms-field wpforms-field-number\" data-field-id=\"7\"><label class=\"wpforms-field-label\" for=\"wpforms-793-field_7\">Telephone <span class=\"wpforms-required-label\" aria-hidden=\"true\">*<\/span><\/label><input type=\"number\" id=\"wpforms-793-field_7\" class=\"wpforms-field-large wpforms-field-required\" name=\"wpforms[fields][7]\" step=\"any\" aria-errormessage=\"wpforms-793-field_7-error\" required><\/div><div id=\"wpforms-793-field_4-container\" class=\"wpforms-field wpforms-field-text\" data-field-id=\"4\"><label class=\"wpforms-field-label\" for=\"wpforms-793-field_4\">Company * <span class=\"wpforms-required-label\" aria-hidden=\"true\">*<\/span><\/label><input type=\"text\" id=\"wpforms-793-field_4\" class=\"wpforms-field-large wpforms-field-required\" name=\"wpforms[fields][4]\" aria-errormessage=\"wpforms-793-field_4-error\" required><\/div><div id=\"wpforms-793-field_5-container\" class=\"wpforms-field wpforms-field-text\" data-field-id=\"5\"><label class=\"wpforms-field-label\" for=\"wpforms-793-field_5\">Line of Activity <span class=\"wpforms-required-label\" aria-hidden=\"true\">*<\/span><\/label><input type=\"text\" id=\"wpforms-793-field_5\" class=\"wpforms-field-large wpforms-field-required\" name=\"wpforms[fields][5]\" aria-errormessage=\"wpforms-793-field_5-error\" required><\/div><div id=\"wpforms-793-field_8-container\" class=\"wpforms-field wpforms-field-text\" data-field-id=\"8\"><label class=\"wpforms-field-label\" for=\"wpforms-793-field_8\">Marcas a Serem Expostas <span class=\"wpforms-required-label\" aria-hidden=\"true\">*<\/span><\/label><input type=\"text\" id=\"wpforms-793-field_8\" class=\"wpforms-field-large wpforms-field-required\" name=\"wpforms[fields][8]\" aria-errormessage=\"wpforms-793-field_8-error\" required><\/div><div id=\"wpforms-793-field_6-container\" class=\"wpforms-field wpforms-field-text\" data-field-id=\"6\"><label class=\"wpforms-field-label\" for=\"wpforms-793-field_6\">Intended Area (M\u00b2) <span class=\"wpforms-required-label\" aria-hidden=\"true\">*<\/span><\/label><input type=\"text\" id=\"wpforms-793-field_6\" class=\"wpforms-field-large wpforms-field-required\" name=\"wpforms[fields][6]\" aria-errormessage=\"wpforms-793-field_6-error\" required><\/div><\/div><!-- .wpforms-field-container --><div class=\"wpforms-recaptcha-container wpforms-is-recaptcha wpforms-is-recaptcha-type-v2\" ><div class=\"g-recaptcha\" data-sitekey=\"6Lesrg0pAAAAAIUU3POFpYYwxRGQ6GpkynQSMpQY\"><\/div><input type=\"text\" name=\"g-recaptcha-hidden\" class=\"wpforms-recaptcha-hidden\" style=\"position:absolute!important;clip:rect(0,0,0,0)!important;height:1px!important;width:1px!important;border:0!important;overflow:hidden!important;padding:0!important;margin:0!important;\" data-rule-recaptcha=\"1\"><\/div><div class=\"wpforms-submit-container\" ><input type=\"hidden\" name=\"wpforms[id]\" value=\"793\"><input type=\"hidden\" name=\"page_title\" value=\"\"><input type=\"hidden\" name=\"page_url\" value=\"https:\/\/fipan.com.br\/en\/wp-json\/wp\/v2\/pages\/788\"><input type=\"hidden\" name=\"url_referer\" value=\"\"><button type=\"submit\" name=\"wpforms[submit]\" id=\"wpforms-submit-793\" class=\"wpforms-submit\" data-alt-text=\"Enviando...\" data-submit-text=\"Enviar\" aria-live=\"assertive\" value=\"wpforms-submit\">Send<\/button><img loading=\"lazy\" decoding=\"async\" src=\"https:\/\/fipan.com.br\/wp-content\/plugins\/wpforms-lite\/assets\/images\/submit-spin.svg\" class=\"wpforms-submit-spinner\" style=\"display: none;\" width=\"26\" height=\"26\" alt=\"Loading\"><\/div><input type=\"hidden\" name=\"trp-form-language\" value=\"en\"\/><\/form><\/div>  <!-- .wpforms-container -->\t\t\t\t<\/div>\n\t\t\t\t<\/div>\n\t\t\t\t\t<\/div>\n\t\t<\/div>\n\t\t\t\t<div class=\"elementor-column elementor-col-33 elementor-top-column elementor-element elementor-element-c949e4c\" data-id=\"c949e4c\" data-element_type=\"column\">\n\t\t\t<div class=\"elementor-widget-wrap elementor-element-populated\">\n\t\t\t\t\t\t<div class=\"elementor-element elementor-element-b32b09b elementor-widget elementor-widget-image\" data-id=\"b32b09b\" data-element_type=\"widget\" data-widget_type=\"image.default\">\n\t\t\t\t<div class=\"elementor-widget-container\">\n\t\t\t\t\t\t\t\t\t\t\t\t\t\t\t<img loading=\"lazy\" decoding=\"async\" width=\"600\" height=\"180\" src=\"https:\/\/fipan.com.br\/wp-content\/uploads\/2025\/06\/Inserir-um-titulo-11.png\" class=\"attachment-large size-large wp-image-1606\" alt=\"\" srcset=\"https:\/\/fipan.com.br\/wp-content\/uploads\/2025\/06\/Inserir-um-titulo-11.png 651w, https:\/\/fipan.com.br\/wp-content\/uploads\/2025\/06\/Inserir-um-titulo-11-300x121.png 300w, https:\/\/fipan.com.br\/wp-content\/uploads\/2025\/06\/Inserir-um-titulo-11-18x7.png 18w\" sizes=\"(max-width: 600px) 100vw, 600px\" \/>\t\t\t\t\t\t\t\t\t\t\t\t\t\t\t<\/div>\n\t\t\t\t<\/div>\n\t\t\t\t\t<\/div>\n\t\t<\/div>\n\t\t\t\t\t<\/div>\n\t\t<\/section>\n\t\t\t\t<\/div>","protected":false},"excerpt":{"rendered":"<p>PROMOVENDO NEG\u00d3CIOS PARA QUEM OPERA O FOOD SERVICE Participam da feira os principais fornecedores da cadeia produtiva do setor, envolvendo, entre outros segmentos, aqueles que oferecem instala\u00e7\u00f5es comerciais, m\u00e1quinas, equipamentos, mat\u00e9rias-primas, embalagens e sistemas operacionais, al\u00e9m de produtos finais como bebidas, frios, sorvetes, chocolates e muitos outros de revenda direta nos estabelecimentos comerciais. Dentre estes [&hellip;]<\/p>","protected":false},"author":3,"featured_media":0,"parent":0,"menu_order":0,"comment_status":"closed","ping_status":"closed","template":"","meta":{"om_disable_all_campaigns":false,"_monsterinsights_skip_tracking":false,"_monsterinsights_sitenote_active":false,"_monsterinsights_sitenote_note":"","_monsterinsights_sitenote_category":0,"_uf_show_specific_survey":0,"_uf_disable_surveys":false,"site-sidebar-layout":"no-sidebar","site-content-layout":"page-builder","ast-site-content-layout":"full-width-container","site-content-style":"unboxed","site-sidebar-style":"unboxed","ast-global-header-display":"","ast-banner-title-visibility":"","ast-main-header-display":"","ast-hfb-above-header-display":"","ast-hfb-below-header-display":"","ast-hfb-mobile-header-display":"","site-post-title":"disabled","ast-breadcrumbs-content":"","ast-featured-img":"disabled","footer-sml-layout":"","theme-transparent-header-meta":"","adv-header-id-meta":"","stick-header-meta":"","header-above-stick-meta":"","header-main-stick-meta":"","header-below-stick-meta":"","astra-migrate-meta-layouts":"set","ast-page-background-enabled":"default","ast-page-background-meta":{"desktop":{"background-color":"var(--ast-global-color-4)","background-image":"","background-repeat":"repeat","background-position":"center center","background-size":"auto","background-attachment":"scroll","background-type":"","background-media":"","overlay-type":"","overlay-color":"","overlay-gradient":""},"tablet":{"background-color":"","background-image":"","background-repeat":"repeat","background-position":"center center","background-size":"auto","background-attachment":"scroll","background-type":"","background-media":"","overlay-type":"","overlay-color":"","overlay-gradient":""},"mobile":{"background-color":"","background-image":"","background-repeat":"repeat","background-position":"center center","background-size":"auto","background-attachment":"scroll","background-type":"","background-media":"","overlay-type":"","overlay-color":"","overlay-gradient":""}},"ast-content-background-meta":{"desktop":{"background-color":"var(--ast-global-color-5)","background-image":"","background-repeat":"repeat","background-position":"center center","background-size":"auto","background-attachment":"scroll","background-type":"","background-media":"","overlay-type":"","overlay-color":"","overlay-gradient":""},"tablet":{"background-color":"var(--ast-global-color-5)","background-image":"","background-repeat":"repeat","background-position":"center center","background-size":"auto","background-attachment":"scroll","background-type":"","background-media":"","overlay-type":"","overlay-color":"","overlay-gradient":""},"mobile":{"background-color":"var(--ast-global-color-5)","background-image":"","background-repeat":"repeat","background-position":"center center","background-size":"auto","background-attachment":"scroll","background-type":"","background-media":"","overlay-type":"","overlay-color":"","overlay-gradient":""}},"footnotes":""},"class_list":["post-788","page","type-page","status-publish","hentry"],"aioseo_notices":[],"_links":{"self":[{"href":"https:\/\/fipan.com.br\/en\/wp-json\/wp\/v2\/pages\/788","targetHints":{"allow":["GET"]}}],"collection":[{"href":"https:\/\/fipan.com.br\/en\/wp-json\/wp\/v2\/pages"}],"about":[{"href":"https:\/\/fipan.com.br\/en\/wp-json\/wp\/v2\/types\/page"}],"author":[{"embeddable":true,"href":"https:\/\/fipan.com.br\/en\/wp-json\/wp\/v2\/users\/3"}],"replies":[{"embeddable":true,"href":"https:\/\/fipan.com.br\/en\/wp-json\/wp\/v2\/comments?post=788"}],"version-history":[{"count":69,"href":"https:\/\/fipan.com.br\/en\/wp-json\/wp\/v2\/pages\/788\/revisions"}],"predecessor-version":[{"id":13571,"href":"https:\/\/fipan.com.br\/en\/wp-json\/wp\/v2\/pages\/788\/revisions\/13571"}],"wp:attachment":[{"href":"https:\/\/fipan.com.br\/en\/wp-json\/wp\/v2\/media?parent=788"}],"curies":[{"name":"wp","href":"https:\/\/api.w.org\/{rel}","templated":true}]}}