{"id":6254,"date":"2024-06-11T14:56:00","date_gmt":"2024-06-11T17:56:00","guid":{"rendered":"https:\/\/fipan.com.br\/?page_id=6254"},"modified":"2025-10-28T09:45:21","modified_gmt":"2025-10-28T12:45:21","slug":"assessoria-de-imprensa","status":"publish","type":"page","link":"https:\/\/fipan.com.br\/pt_br\/assessoria-de-imprensa\/","title":{"rendered":"Assessoria de Imprensa"},"content":{"rendered":"\t\t<div data-elementor-type=\"wp-page\" data-elementor-id=\"6254\" class=\"elementor elementor-6254\">\n\t\t\t\t\t\t<section class=\"elementor-section elementor-top-section elementor-element elementor-element-213aeeb elementor-section-full_width elementor-section-height-default elementor-section-height-default\" data-id=\"213aeeb\" data-element_type=\"section\">\n\t\t\t\t\t\t<div class=\"elementor-container elementor-column-gap-default\">\n\t\t\t\t\t<div class=\"elementor-column elementor-col-100 elementor-top-column elementor-element elementor-element-bd4aa3e\" data-id=\"bd4aa3e\" data-element_type=\"column\">\n\t\t\t<div class=\"elementor-widget-wrap elementor-element-populated\">\n\t\t\t\t\t\t<div class=\"elementor-element elementor-element-1d977db elementor-invisible elementor-widget elementor-widget-image\" data-id=\"1d977db\" data-element_type=\"widget\" data-settings=\"{&quot;_animation&quot;:&quot;fadeIn&quot;,&quot;_animation_delay&quot;:0}\" data-widget_type=\"image.default\">\n\t\t\t\t<div class=\"elementor-widget-container\">\n\t\t\t\t\t\t\t\t\t\t\t\t\t\t\t<img fetchpriority=\"high\" decoding=\"async\" width=\"1920\" height=\"819\" src=\"https:\/\/fipan.com.br\/wp-content\/uploads\/2025\/07\/Home_2026_1902x819.jpg\" class=\"attachment-full size-full wp-image-12851\" alt=\"\" srcset=\"https:\/\/fipan.com.br\/wp-content\/uploads\/2025\/07\/Home_2026_1902x819.jpg 1920w, https:\/\/fipan.com.br\/wp-content\/uploads\/2025\/07\/Home_2026_1902x819-300x128.jpg 300w, https:\/\/fipan.com.br\/wp-content\/uploads\/2025\/07\/Home_2026_1902x819-1024x437.jpg 1024w, https:\/\/fipan.com.br\/wp-content\/uploads\/2025\/07\/Home_2026_1902x819-768x328.jpg 768w, https:\/\/fipan.com.br\/wp-content\/uploads\/2025\/07\/Home_2026_1902x819-1536x655.jpg 1536w, https:\/\/fipan.com.br\/wp-content\/uploads\/2025\/07\/Home_2026_1902x819-18x8.jpg 18w\" sizes=\"(max-width: 1920px) 100vw, 1920px\" \/>\t\t\t\t\t\t\t\t\t\t\t\t\t\t\t<\/div>\n\t\t\t\t<\/div>\n\t\t\t\t\t<\/div>\n\t\t<\/div>\n\t\t\t\t\t<\/div>\n\t\t<\/section>\n\t\t\t\t<section class=\"elementor-section elementor-top-section elementor-element elementor-element-657165e elementor-section-boxed elementor-section-height-default elementor-section-height-default\" data-id=\"657165e\" data-element_type=\"section\">\n\t\t\t\t\t\t<div class=\"elementor-container elementor-column-gap-default\">\n\t\t\t\t\t<div class=\"elementor-column elementor-col-100 elementor-top-column elementor-element elementor-element-a264f00\" data-id=\"a264f00\" data-element_type=\"column\">\n\t\t\t<div class=\"elementor-widget-wrap elementor-element-populated\">\n\t\t\t\t\t\t<div class=\"elementor-element elementor-element-0e63984 elementor-widget elementor-widget-heading\" data-id=\"0e63984\" data-element_type=\"widget\" data-widget_type=\"heading.default\">\n\t\t\t\t<div class=\"elementor-widget-container\">\n\t\t\t\t\t<h2 class=\"elementor-heading-title elementor-size-default\"><br>ASSESSORIA DE IMPRENSA FIPAN<br><\/h2>\t\t\t\t<\/div>\n\t\t\t\t<\/div>\n\t\t\t\t\t<\/div>\n\t\t<\/div>\n\t\t\t\t\t<\/div>\n\t\t<\/section>\n\t\t\t\t<section class=\"elementor-section elementor-top-section elementor-element elementor-element-42f3193 elementor-section-full_width elementor-section-height-default elementor-section-height-default\" data-id=\"42f3193\" data-element_type=\"section\">\n\t\t\t\t\t\t<div class=\"elementor-container elementor-column-gap-default\">\n\t\t\t\t\t<div class=\"elementor-column elementor-col-100 elementor-top-column elementor-element elementor-element-e08341d\" data-id=\"e08341d\" data-element_type=\"column\">\n\t\t\t<div class=\"elementor-widget-wrap elementor-element-populated\">\n\t\t\t\t\t\t<div class=\"elementor-element elementor-element-3d2d088 elementor-widget__width-initial elementor-widget elementor-widget-image\" data-id=\"3d2d088\" data-element_type=\"widget\" data-widget_type=\"image.default\">\n\t\t\t\t<div class=\"elementor-widget-container\">\n\t\t\t\t\t\t\t\t\t\t\t\t\t\t\t<img decoding=\"async\" width=\"2048\" height=\"1367\" src=\"https:\/\/fipan.com.br\/wp-content\/uploads\/2025\/04\/foto-site-_imprensa-2048x1367.jpg\" class=\"attachment-2048x2048 size-2048x2048 wp-image-10887\" alt=\"\" srcset=\"https:\/\/fipan.com.br\/wp-content\/uploads\/2025\/04\/foto-site-_imprensa-2048x1367.jpg 2048w, https:\/\/fipan.com.br\/wp-content\/uploads\/2025\/04\/foto-site-_imprensa-300x200.jpg 300w, https:\/\/fipan.com.br\/wp-content\/uploads\/2025\/04\/foto-site-_imprensa-1024x683.jpg 1024w, https:\/\/fipan.com.br\/wp-content\/uploads\/2025\/04\/foto-site-_imprensa-768x513.jpg 768w, https:\/\/fipan.com.br\/wp-content\/uploads\/2025\/04\/foto-site-_imprensa-1536x1025.jpg 1536w, https:\/\/fipan.com.br\/wp-content\/uploads\/2025\/04\/foto-site-_imprensa-18x12.jpg 18w\" sizes=\"(max-width: 2048px) 100vw, 2048px\" \/>\t\t\t\t\t\t\t\t\t\t\t\t\t\t\t<\/div>\n\t\t\t\t<\/div>\n\t\t\t\t\t<\/div>\n\t\t<\/div>\n\t\t\t\t\t<\/div>\n\t\t<\/section>\n\t\t\t\t<section class=\"elementor-section elementor-top-section elementor-element elementor-element-498af56 elementor-section-boxed elementor-section-height-default elementor-section-height-default\" data-id=\"498af56\" data-element_type=\"section\">\n\t\t\t\t\t\t<div class=\"elementor-container elementor-column-gap-default\">\n\t\t\t\t\t<div class=\"elementor-column elementor-col-100 elementor-top-column elementor-element elementor-element-18eaf3a\" data-id=\"18eaf3a\" data-element_type=\"column\">\n\t\t\t<div class=\"elementor-widget-wrap elementor-element-populated\">\n\t\t\t\t\t\t<div class=\"elementor-element elementor-element-556d614 elementor-widget elementor-widget-text-editor\" data-id=\"556d614\" data-element_type=\"widget\" data-widget_type=\"text-editor.default\">\n\t\t\t\t<div class=\"elementor-widget-container\">\n\t\t\t\t\t\t\t\t\t<p>A <strong>FIPAN 2025<\/strong> celebrou sua <strong>30\u00aa edi\u00e7\u00e3o<\/strong> como a maior feira de panifica\u00e7\u00e3o e confeitaria da Am\u00e9rica Latina, consolidando-se como o principal palco para fornecedores do setor apresentarem <strong>lan\u00e7amentos, tend\u00eancias e inova\u00e7\u00f5es<\/strong> que impulsionam o mercado.<\/p><p>A equipe da <strong>Fragata<\/strong> est\u00e1 \u00e0 disposi\u00e7\u00e3o da imprensa para fornecer <strong>informa\u00e7\u00f5es exclusivas<\/strong> sobre a<strong> FIPAN 2026<\/strong> e o 6<strong>\u00ba CONGRESSO FIPAN<\/strong>, al\u00e9m de facilitar o agendamento de entrevistas com porta-vozes do evento.<br \/>Para solicita\u00e7\u00f5es de pautas, entrevistas ou materiais de imprensa, entre em contato conosco.<\/p><p><span style=\"color: #ff6600;\"><strong>CONTATO DE IMPRENSA<\/strong><\/span><\/p><p><strong>Nome:<\/strong> Matheus Fragata<br \/><strong>Email:<\/strong> matheus@fragatacomunicacao.com.br<\/p>\t\t\t\t\t\t\t\t<\/div>\n\t\t\t\t<\/div>\n\t\t\t\t\t<\/div>\n\t\t<\/div>\n\t\t\t\t\t<\/div>\n\t\t<\/section>\n\t\t\t\t<section class=\"elementor-section elementor-top-section elementor-element elementor-element-2468588 elementor-section-boxed elementor-section-height-default elementor-section-height-default\" data-id=\"2468588\" data-element_type=\"section\">\n\t\t\t\t\t\t<div class=\"elementor-container elementor-column-gap-default\">\n\t\t\t\t\t<div class=\"elementor-column elementor-col-100 elementor-top-column elementor-element elementor-element-d488371\" data-id=\"d488371\" data-element_type=\"column\">\n\t\t\t<div class=\"elementor-widget-wrap elementor-element-populated\">\n\t\t\t\t\t\t<div class=\"elementor-element elementor-element-ef02858 elementor-widget elementor-widget-image\" data-id=\"ef02858\" data-element_type=\"widget\" data-widget_type=\"image.default\">\n\t\t\t\t<div class=\"elementor-widget-container\">\n\t\t\t\t\t\t\t\t\t\t\t\t\t\t\t<img decoding=\"async\" width=\"651\" height=\"262\" src=\"https:\/\/fipan.com.br\/wp-content\/uploads\/2024\/05\/Captura-de-tela-2024-05-14-121126.png\" class=\"attachment-large size-large wp-image-5697\" alt=\"\" srcset=\"https:\/\/fipan.com.br\/wp-content\/uploads\/2024\/05\/Captura-de-tela-2024-05-14-121126.png 651w, https:\/\/fipan.com.br\/wp-content\/uploads\/2024\/05\/Captura-de-tela-2024-05-14-121126-300x121.png 300w, https:\/\/fipan.com.br\/wp-content\/uploads\/2024\/05\/Captura-de-tela-2024-05-14-121126-18x7.png 18w\" sizes=\"(max-width: 651px) 100vw, 651px\" \/>\t\t\t\t\t\t\t\t\t\t\t\t\t\t\t<\/div>\n\t\t\t\t<\/div>\n\t\t\t\t\t<\/div>\n\t\t<\/div>\n\t\t\t\t\t<\/div>\n\t\t<\/section>\n\t\t\t\t<\/div>\n\t\t","protected":false},"excerpt":{"rendered":"<p>ASSESSORIA DE IMPRENSA FIPAN A FIPAN 2025 celebrou sua 30\u00aa edi\u00e7\u00e3o como a maior feira de panifica\u00e7\u00e3o e confeitaria da Am\u00e9rica Latina, consolidando-se como o principal palco para fornecedores do setor apresentarem lan\u00e7amentos, tend\u00eancias e inova\u00e7\u00f5es que impulsionam o mercado. A equipe da Fragata est\u00e1 \u00e0 disposi\u00e7\u00e3o da imprensa para fornecer informa\u00e7\u00f5es exclusivas sobre a [&hellip;]<\/p>\n","protected":false},"author":3,"featured_media":0,"parent":0,"menu_order":-1,"comment_status":"closed","ping_status":"closed","template":"","meta":{"om_disable_all_campaigns":false,"_monsterinsights_skip_tracking":false,"_monsterinsights_sitenote_active":false,"_monsterinsights_sitenote_note":"","_monsterinsights_sitenote_category":0,"_uf_show_specific_survey":0,"_uf_disable_surveys":false,"site-sidebar-layout":"default","site-content-layout":"","ast-site-content-layout":"default","site-content-style":"default","site-sidebar-style":"default","ast-global-header-display":"","ast-banner-title-visibility":"","ast-main-header-display":"","ast-hfb-above-header-display":"","ast-hfb-below-header-display":"","ast-hfb-mobile-header-display":"","site-post-title":"","ast-breadcrumbs-content":"","ast-featured-img":"","footer-sml-layout":"","theme-transparent-header-meta":"","adv-header-id-meta":"","stick-header-meta":"","header-above-stick-meta":"","header-main-stick-meta":"","header-below-stick-meta":"","astra-migrate-meta-layouts":"set","ast-page-background-enabled":"default","ast-page-background-meta":{"desktop":{"background-color":"var(--ast-global-color-4)","background-image":"","background-repeat":"repeat","background-position":"center center","background-size":"auto","background-attachment":"scroll","background-type":"","background-media":"","overlay-type":"","overlay-color":"","overlay-gradient":""},"tablet":{"background-color":"","background-image":"","background-repeat":"repeat","background-position":"center center","background-size":"auto","background-attachment":"scroll","background-type":"","background-media":"","overlay-type":"","overlay-color":"","overlay-gradient":""},"mobile":{"background-color":"","background-image":"","background-repeat":"repeat","background-position":"center center","background-size":"auto","background-attachment":"scroll","background-type":"","background-media":"","overlay-type":"","overlay-color":"","overlay-gradient":""}},"ast-content-background-meta":{"desktop":{"background-color":"var(--ast-global-color-5)","background-image":"","background-repeat":"repeat","background-position":"center center","background-size":"auto","background-attachment":"scroll","background-type":"","background-media":"","overlay-type":"","overlay-color":"","overlay-gradient":""},"tablet":{"background-color":"var(--ast-global-color-5)","background-image":"","background-repeat":"repeat","background-position":"center center","background-size":"auto","background-attachment":"scroll","background-type":"","background-media":"","overlay-type":"","overlay-color":"","overlay-gradient":""},"mobile":{"background-color":"var(--ast-global-color-5)","background-image":"","background-repeat":"repeat","background-position":"center center","background-size":"auto","background-attachment":"scroll","background-type":"","background-media":"","overlay-type":"","overlay-color":"","overlay-gradient":""}},"footnotes":""},"class_list":["post-6254","page","type-page","status-publish","hentry"],"aioseo_notices":[],"_links":{"self":[{"href":"https:\/\/fipan.com.br\/pt_br\/wp-json\/wp\/v2\/pages\/6254","targetHints":{"allow":["GET"]}}],"collection":[{"href":"https:\/\/fipan.com.br\/pt_br\/wp-json\/wp\/v2\/pages"}],"about":[{"href":"https:\/\/fipan.com.br\/pt_br\/wp-json\/wp\/v2\/types\/page"}],"author":[{"embeddable":true,"href":"https:\/\/fipan.com.br\/pt_br\/wp-json\/wp\/v2\/users\/3"}],"replies":[{"embeddable":true,"href":"https:\/\/fipan.com.br\/pt_br\/wp-json\/wp\/v2\/comments?post=6254"}],"version-history":[{"count":338,"href":"https:\/\/fipan.com.br\/pt_br\/wp-json\/wp\/v2\/pages\/6254\/revisions"}],"predecessor-version":[{"id":13862,"href":"https:\/\/fipan.com.br\/pt_br\/wp-json\/wp\/v2\/pages\/6254\/revisions\/13862"}],"wp:attachment":[{"href":"https:\/\/fipan.com.br\/pt_br\/wp-json\/wp\/v2\/media?parent=6254"}],"curies":[{"name":"wp","href":"https:\/\/api.w.org\/{rel}","templated":true}]}}